{"id":1587,"date":"2020-07-27T07:48:43","date_gmt":"2020-07-27T07:48:43","guid":{"rendered":"http:\/\/trendinsurance.hu\/?page_id=1587"},"modified":"2020-07-27T12:50:44","modified_gmt":"2020-07-27T12:50:44","slug":"tengerszem","status":"publish","type":"page","link":"https:\/\/tengerszeminfo.hu\/en\/tengerszem\/","title":{"rendered":"A Megyer-hegyi Tengerszem t\u00f6rt\u00e9nete"},"content":{"rendered":"<h3 class=\"wp-block-heading\">Tengerszem \u2013 honnan az elnevez\u00e9s?<\/h3>\r\n<p style=\"text-align: justify;\">A f\u00f6ldrajzi tulajdonnevek k\u00f6z\u00f6tt sok olyat tal\u00e1lunk, amelyek nem tudom\u00e1nyos alapon sz\u00fcletnek. Ilyen a Tengerszem elnevez\u00e9s is. A Megyer-hegy \u00e9s k\u00f6rny\u00e9ke kb. 15 milli\u00f3 \u00e9vvel ezel\u0151tt a mioc\u00e9n korban lej\u00e1tsz\u00f3dott vulk\u00e1ni folyamatok eredm\u00e9nye. A k\u00f6rny\u00e9ket tengerv\u00edz bor\u00edtotta, ebb\u0151l csak a legmagasabb vulk\u00e1ni k\u00fapok emelkedtek ki. A tudom\u00e1nyos defin\u00edci\u00f3 szerint \u201ea tengerszemek magashegys\u00e9gek kis tavai; t\u00f6bbnyire a gleccser \u00e1ltal kim\u00e9ly\u00edtett egykori csonth\u00f3gy\u0171jt\u0151 medenc\u00e9ben (k\u00e1rf\u00fclk\u00e9ben) vagy a mor\u00e9nas\u00e1ncok m\u00f6g\u00f6tt keletkezett, \u00e1ltal\u00e1ban kerek \u00e1ll\u00f3v\u00edz, kis t\u00f3.\u201d Nyilv\u00e1nval\u00f3, hogy a mi Tengerszem\u00fcnk nem magashegys\u00e9gben keletkezett, hiszen a Megyer-hegy a 303 m\u00e9teres magass\u00e1g\u00e1val ink\u00e1bb t\u00f6rpe hegy. Az is egy\u00e9rtelm\u0171, hogy a kialakul\u00e1s\u00e1ban nem j\u00e1tszhattak szerepet a gleccserek. \u00cdgy h\u00e1t marad a helyi n\u00e9vad\u00f3k \u00e1ltal r\u00e1ragasztott n\u00e9v, amit ma m\u00e1r mindenki megszokott, elfogadott \u00e9s nagyon szeret, ahogy az eg\u00e9sz jelens\u00e9get is.<\/p>\r\n\r\n\r\n\r\n<div class=\"wp-block-image\">\r\n<figure class=\"aligncenter\"><img loading=\"lazy\" decoding=\"async\" width=\"1200\" height=\"1449\" class=\"wp-image-1568\" src=\"http:\/\/trendinsurance.hu\/wp-content\/uploads\/2017\/03\/erdos_tamas.jpg\" alt=\"\" srcset=\"https:\/\/tengerszeminfo.hu\/wp-content\/uploads\/2017\/03\/erdos_tamas.jpg 1200w, https:\/\/tengerszeminfo.hu\/wp-content\/uploads\/2017\/03\/erdos_tamas-248x300.jpg 248w, https:\/\/tengerszeminfo.hu\/wp-content\/uploads\/2017\/03\/erdos_tamas-848x1024.jpg 848w, https:\/\/tengerszeminfo.hu\/wp-content\/uploads\/2017\/03\/erdos_tamas-768x927.jpg 768w, https:\/\/tengerszeminfo.hu\/wp-content\/uploads\/2017\/03\/erdos_tamas-580x700.jpg 580w, https:\/\/tengerszeminfo.hu\/wp-content\/uploads\/2017\/03\/erdos_tamas-1077x1300.jpg 1077w\" sizes=\"auto, (max-width: 1200px) 100vw, 1200px\" \/><\/figure>\r\n<\/div>\r\n<h3 style=\"text-align: justify;\">Eur\u00f3pai h\u00edrn\u00e9v a Megyer-hegynek \u00e9s a malomk\u0151farag\u00f3\u00a0mestereknek<\/h3>\r\n<p style=\"text-align: justify;\"><br \/>A hegy k\u00e9pz\u0151d\u00e9se sor\u00e1n a vulk\u00e1ni kit\u00f6r\u00e9sekb\u0151l izz\u00f3 \u00e1r z\u00fadult le a lejt\u0151k\u00f6n, majd ebb\u0151l \u00f6sszet\u00f6m\u00f6r\u00f6d\u00f6tt, \u00f6sszes\u00fclt riolittufa k\u00e9pz\u0151d\u00f6tt. A vulk\u00e1ni m\u0171k\u00f6d\u00e9s k\u00f6vetkez\u0151 f\u00e1zis\u00e1ban forr\u00f3 vizes oldatok j\u00e1rt\u00e1k \u00e1t a k\u0151zetet \u00e9s azt jelent\u0151sen \u00e1talak\u00edtott\u00e1k. A horzsak\u00f6veket elm\u00e1llasztott\u00e1k, \u00e9s azok kipotyogtak a k\u0151zetb\u0151l. \u00cdgy alakult ki a lyukacsos, dar\u00e1zsk\u00f6ves szerkezet. A kovasavas oldatok pedig, melyek \u00e1tj\u00e1rt\u00e1k a riolittuf\u00e1t, megn\u00f6velt\u00e9k a k\u0151zet kem\u00e9nys\u00e9g\u00e9t. A dar\u00e1zsk\u00f6ves szerkezet \u00e9s a nagy kem\u00e9nys\u00e9g ezt a k\u0151zetet nagyon alkalmass\u00e1 tette arra, hogy malomk\u00f6veket faragjanak bel\u0151le. A b\u00e1ny\u00e1szat a 15. sz\u00e1zadban kezd\u0151d\u00f6tt, \u00e9s eg\u00e9szen 1907-ig tartott. H\u00edres, j\u00f3 min\u0151s\u00e9g\u0171 term\u00e9k volt a \u201epataki malomk\u0151\u201d, amely gabona vagy \u00e1sv\u00e1nyok \u0151rl\u00e9s\u00e9re is kiv\u00e1l\u00f3an alkalmas volt.<\/p>\r\n\r\n\r\n\r\n<div class=\"wp-block-image\">\r\n<figure class=\"aligncenter\"><img loading=\"lazy\" decoding=\"async\" width=\"1100\" height=\"824\" class=\"wp-image-1358\" src=\"http:\/\/trendinsurance.hu\/wp-content\/uploads\/2017\/03\/DJI_0282.jpg\" alt=\"\" srcset=\"https:\/\/tengerszeminfo.hu\/wp-content\/uploads\/2017\/03\/DJI_0282.jpg 1100w, https:\/\/tengerszeminfo.hu\/wp-content\/uploads\/2017\/03\/DJI_0282-300x225.jpg 300w, https:\/\/tengerszeminfo.hu\/wp-content\/uploads\/2017\/03\/DJI_0282-1024x767.jpg 1024w, https:\/\/tengerszeminfo.hu\/wp-content\/uploads\/2017\/03\/DJI_0282-768x575.jpg 768w, https:\/\/tengerszeminfo.hu\/wp-content\/uploads\/2017\/03\/DJI_0282-700x524.jpg 700w\" sizes=\"auto, (max-width: 1100px) 100vw, 1100px\" \/><\/figure>\r\n<\/div>\r\n\r\n\r\n\r\n<h3 class=\"wp-block-heading\">Az egykori b\u00e1nya ma<\/h3>\r\n\r\n\r\n\r\n<p style=\"text-align: justify;\">Amit ma a b\u00e1nyaudvarra \u00e9rkezve l\u00e1tunk, az emberi tev\u00e9kenys\u00e9g k\u00f6vetkezm\u00e9nye. Nem is ak\u00e1rmilyen munka eredm\u00e9nye! K\u00e9pzelj\u00fck csak el, hogy k\u00f6zel\u00edt\u0151leg 600 \u00e9vvel ezel\u0151tt a Megyer-hegy teljesen szab\u00e1lyos alak\u00fa vulk\u00e1ni k\u00fap volt, amint a k\u00f6r\u00fcl\u00f6tte l\u00e1that\u00f3 t\u00f6bbi zempl\u00e9ni hegy is. Ha a mai sziklafalak k\u00f6z\u00f6tt \u00e1llunk \u00e9s k\u00f6rbe tekint\u00fcnk, akkor tudnunk kell, hogy minden, ami a hegy gyomr\u00e1b\u00f3l hi\u00e1nyzik, azt emberi (kis r\u00e9szben \u00e1llati) er\u0151fesz\u00edt\u00e9s eredm\u00e9nyek\u00e9ppen termelt\u00e9k ki. A b\u00e1nya k\u00f6zel 500 \u00e9ves m\u0171k\u00f6d\u00e9se sor\u00e1n nem voltak er\u0151g\u00e9pek, motoros eszk\u00f6z\u00f6k \u00e9s sz\u00e1ll\u00edt\u00f3j\u00e1rm\u0171vek, s\u0151t m\u00e9g a robbant\u00e1st sem tudt\u00e1k alkalmazni, hiszen a malomk\u0151 alapanyaga a nagy m\u00e9ret\u0171, stabil szerkezet\u0171 k\u0151t\u00f6mb volt. A kitermel\u00e9s k\u00e9zi er\u0151vel, esetleg lovak, k\u00f6telek, csig\u00e1k \u00e9s \u00e9kek haszn\u00e1lat\u00e1val volt lehets\u00e9ges. A kitermelt t\u00f6bb t\u00edzezer k\u00f6bm\u00e9ternyi k\u0151zet csek\u00e9ly r\u00e9sze volt alkalmas a malomk\u0151 k\u00e9sz\u00edt\u00e9s\u00e9re, hiszen a vulk\u00e1ni tev\u00e9kenys\u00e9g k\u00fcl\u00f6nb\u00f6z\u0151 m\u00e9rt\u00e9kben alak\u00edtotta a riolit tufa szerkezet\u00e9t. A morzsal\u00e9kos alapk\u0151zet \u00e9s a f\u00f6ld medd\u0151dombokban ker\u00fclt elhelyez\u00e9sre a b\u00e1nya minden szeglet\u00e9ben. Valamennyi ott tal\u00e1lhat\u00f3 kisebb-nagyobb halom ilyen medd\u0151anyagot rejt, ezek r\u00e9v\u00e9n alakult ki a b\u00e1nyaudvar domborzata. A dombokat az \u00e9vsz\u00e1zadok sor\u00e1n m\u00e1r ben\u0151tte a n\u00f6v\u00e9nyzet, ett\u0151l lett izgalmas a b\u00e1nyaudvaron tett kalandoz\u00e1s. A hegy tetej\u00e9n tal\u00e1lhat\u00f3 talaj szerkezet\u00e9b\u0151l pedig arra k\u00f6vetkeztethet\u00fcnk, hogy a hegy kor\u00e1bbi term\u00e9szetesen kialakult magass\u00e1ga is n\u00e9mileg n\u00f6vekedett az ott elhelyezett medd\u0151rak\u00e1soknak k\u00f6sz\u00f6nhet\u0151en. A felhagyott b\u00e1ny\u00e1ban \u00f6sszegy\u0171lt a csapad\u00e9kv\u00edz, \u00edgy egy mesters\u00e9ges eredet\u0171 t\u00f3 j\u00f6tt l\u00e9tre. A legmagasabb oldalfalak 40 m\u00e9ter f\u00f6l\u00e9 emelkednek, a v\u00edz m\u00e9lys\u00e9ge pedig meghaladja a 6 m\u00e9tert. A t\u00f3 vize els\u0151 l\u00e1t\u00e1sra nem t\u0171nik tiszt\u00e1nak, de a v\u00edzt\u00fck\u00f6rh\u00f6z les\u00e9t\u00e1lva l\u00e1thatjuk, hogy a sz\u00fcrk\u00e9s \u00e1rnyalat ellen\u00e9re a v\u00edz tiszta. Sajnos a k\u00f6rny\u00e9ken nem ismer\u00fcnk olyan forr\u00e1st, ami a v\u00edz ut\u00e1np\u00f3tl\u00e1s\u00e1t \u00e9s term\u00e9szetes tisztul\u00e1s\u00e1t folyamatosan biztos\u00edtani tudn\u00e1, \u00edgy marad a csapad\u00e9kv\u00edz, amit a b\u00e1nya t\u00f6lcs\u00e9rszer\u0171en \u00f6sszegy\u0171jt. Ennek k\u00f6sz\u00f6nhet\u0151, hogy asz\u00e1lyos \u00e9vekben a v\u00edz szintje ak\u00e1r f\u00e9l m\u00e9terrel is cs\u00f6kkenhet. A v\u00edz t\u00f6r\u00f6tt sz\u00fcrke sz\u00edn\u00e9nek tov\u00e1bbi oka a benne leboml\u00f3 t\u00f6lgyfalomb avariszapja, ami a t\u00f3 fenek\u00e9t \u00f6sszef\u00fcgg\u0151en bor\u00edtja, sz\u00fcrk\u00e9s \u00e1rnyalatot mutatva a felsz\u00ednr\u0151l szeml\u00e9l\u0151d\u0151 sz\u00e1m\u00e1ra. A v\u00edz teh\u00e1t ez\u00e9rt nem k\u00e9k, ahogyan ezt a l\u00e9gifot\u00f3k alapj\u00e1n sokan felt\u00e9telezik, az a visszat\u00fckr\u00f6z\u0151d\u0151 k\u00e9k \u00e9gnek k\u00f6sz\u00f6nhet\u0151. A v\u00edz min\u0151s\u00e9g\u00e9t a benne megb\u00faj\u00f3 \u00e9l\u0151vil\u00e1g bizony\u00edtja: napos id\u0151ben nagy csapatokban l\u00e1thatunk k\u00fcl\u00f6nb\u00f6z\u0151 n\u00f6v\u00e9nyev\u0151 halrajokat \u00e9s gazdag a v\u00edz n\u00f6v\u00e9nyvil\u00e1ga is, a term\u00e9szet az \u00far, am\u00edg vigy\u00e1zunk r\u00e1, hogy ez \u00edgy maradjon! Maradjon \u00edgy!<\/p>\r\n\r\n\r\n\r\n<div class=\"wp-block-image\">\r\n<figure class=\"aligncenter\"><img loading=\"lazy\" decoding=\"async\" width=\"1100\" height=\"733\" class=\"wp-image-1359\" src=\"http:\/\/trendinsurance.hu\/wp-content\/uploads\/2017\/03\/0Q8A2903.jpg\" alt=\"\" srcset=\"https:\/\/tengerszeminfo.hu\/wp-content\/uploads\/2017\/03\/0Q8A2903.jpg 1100w, https:\/\/tengerszeminfo.hu\/wp-content\/uploads\/2017\/03\/0Q8A2903-300x200.jpg 300w, https:\/\/tengerszeminfo.hu\/wp-content\/uploads\/2017\/03\/0Q8A2903-1024x682.jpg 1024w, https:\/\/tengerszeminfo.hu\/wp-content\/uploads\/2017\/03\/0Q8A2903-768x512.jpg 768w, https:\/\/tengerszeminfo.hu\/wp-content\/uploads\/2017\/03\/0Q8A2903-700x466.jpg 700w\" sizes=\"auto, (max-width: 1100px) 100vw, 1100px\" \/><\/figure>\r\n<\/div>","protected":false},"excerpt":{"rendered":"<p>Tengerszem \u2013 honnan az elnevez\u00e9s? A f\u00f6ldrajzi tulajdonnevek k\u00f6z\u00f6tt sok olyat tal\u00e1lunk, amelyek nem tudom\u00e1nyos alapon sz\u00fcletnek. Ilyen a Tengerszem elnevez\u00e9s is. A Megyer-hegy \u00e9s k\u00f6rny\u00e9ke kb. 15 milli\u00f3 \u00e9vvel ezel\u0151tt a mioc\u00e9n korban lej\u00e1tsz\u00f3dott vulk\u00e1ni folyamatok eredm\u00e9nye. A k\u00f6rny\u00e9ket tengerv\u00edz bor\u00edtotta, ebb\u0151l csak a legmagasabb vulk\u00e1ni k\u00fapok emelkedtek ki. A tudom\u00e1nyos defin\u00edci\u00f3 szerint \u201ea&#8230;<\/p>","protected":false},"author":4,"featured_media":0,"parent":0,"menu_order":0,"comment_status":"closed","ping_status":"closed","template":"","meta":{"footnotes":""},"class_list":["post-1587","page","type-page","status-publish","hentry"],"_links":{"self":[{"href":"https:\/\/tengerszeminfo.hu\/en\/wp-json\/wp\/v2\/pages\/1587","targetHints":{"allow":["GET"]}}],"collection":[{"href":"https:\/\/tengerszeminfo.hu\/en\/wp-json\/wp\/v2\/pages"}],"about":[{"href":"https:\/\/tengerszeminfo.hu\/en\/wp-json\/wp\/v2\/types\/page"}],"author":[{"embeddable":true,"href":"https:\/\/tengerszeminfo.hu\/en\/wp-json\/wp\/v2\/users\/4"}],"replies":[{"embeddable":true,"href":"https:\/\/tengerszeminfo.hu\/en\/wp-json\/wp\/v2\/comments?post=1587"}],"version-history":[{"count":5,"href":"https:\/\/tengerszeminfo.hu\/en\/wp-json\/wp\/v2\/pages\/1587\/revisions"}],"predecessor-version":[{"id":1616,"href":"https:\/\/tengerszeminfo.hu\/en\/wp-json\/wp\/v2\/pages\/1587\/revisions\/1616"}],"wp:attachment":[{"href":"https:\/\/tengerszeminfo.hu\/en\/wp-json\/wp\/v2\/media?parent=1587"}],"curies":[{"name":"wp","href":"https:\/\/api.w.org\/{rel}","templated":true}]}}