{"id":868,"date":"2020-07-10T09:42:12","date_gmt":"2020-07-10T09:42:12","guid":{"rendered":"http:\/\/trendinsurance.hu\/?page_id=868"},"modified":"2023-07-10T07:59:24","modified_gmt":"2023-07-10T07:59:24","slug":"kapcsolat","status":"publish","type":"page","link":"https:\/\/tengerszeminfo.hu\/en\/kapcsolat\/","title":{"rendered":"Contact"},"content":{"rendered":"<section class=\"fw-main-row pos-r\"  id=\"shortcode-7b369e73d3250b58e9e872d31c5dfccf\">\r\n\t\t<div class=\"fw-container\">\r\n\t\t<div class=\"fw-row\">\n\t<div class=\"fw-col-xs-12 fw-col-sm-6\">\n\t<p><img loading=\"lazy\" decoding=\"async\" class=\"wp-image-877  aligncenter\" src=\"https:\/\/tengerszeminfo.hu\/wp-content\/uploads\/2020\/07\/tengerszem_logo-1-300x300.png\" alt=\"\" width=\"192\" height=\"192\" srcset=\"https:\/\/tengerszeminfo.hu\/wp-content\/uploads\/2020\/07\/tengerszem_logo-1-300x300.png 300w, https:\/\/tengerszeminfo.hu\/wp-content\/uploads\/2020\/07\/tengerszem_logo-1-1024x1024.png 1024w, https:\/\/tengerszeminfo.hu\/wp-content\/uploads\/2020\/07\/tengerszem_logo-1-150x150.png 150w, https:\/\/tengerszeminfo.hu\/wp-content\/uploads\/2020\/07\/tengerszem_logo-1-768x768.png 768w, https:\/\/tengerszeminfo.hu\/wp-content\/uploads\/2020\/07\/tengerszem_logo-1-1536x1536.png 1536w, https:\/\/tengerszeminfo.hu\/wp-content\/uploads\/2020\/07\/tengerszem_logo-1-2048x2048.png 2048w, https:\/\/tengerszeminfo.hu\/wp-content\/uploads\/2020\/07\/tengerszem_logo-1-100x100.png 100w, https:\/\/tengerszeminfo.hu\/wp-content\/uploads\/2020\/07\/tengerszem_logo-1-700x700.png 700w, https:\/\/tengerszeminfo.hu\/wp-content\/uploads\/2020\/07\/tengerszem_logo-1-1300x1300.png 1300w, https:\/\/tengerszeminfo.hu\/wp-content\/uploads\/2020\/07\/tengerszem_logo-1-50x50.png 50w\" sizes=\"auto, (max-width: 192px) 100vw, 192px\" \/><\/p><div class=\"wpb_text_column wpb_content_element\"><div class=\"wpb_wrapper\"><p style=\"text-align: center;\">Innovo-Patak Nonprofit Kft.<br \/><i class=\"fa fa-home\"><\/i>3950 S\u00e1rospatak, Kossuth u. 50.<br \/><i class=\"fa fa-phone\"><\/i><a href=\"tel:+36 20 220 70 26\">+36 20 220 70 26<\/a><br \/><i class=\"fa fa-envelope-o\"><\/i><a href=\"mailto:info@tengerszeminfo.bristol.hu\">info@tengerszeminfo.bristol.hu<\/a><br \/><a href=\"http:\/\/zoldutazas.com\/\">http:\/\/zoldutazas.com\/<\/a><\/p><\/div><\/div><div class=\"wpb_text_column wpb_content_element\"><div class=\"wpb_wrapper\"><p style=\"text-align: center;\"><strong>A Megyer-hegyi Tengerszem Term\u00e9szetv\u00e9delmi Ter\u00fclet<\/strong><\/p><p style=\"text-align: left;\">A ter\u00fcletre vonatkoz\u00f3 fontosabb adatok:<br \/><strong>helyrajzi sz\u00e1ma<\/strong>: 0878\/2.<br \/><strong>m\u0171vel\u00e9si \u00e1ga:<\/strong> kivett telephely<br \/><strong>ter\u00fclet m\u00e9rete:<\/strong> 10\u00a0765 m 2<br \/><strong>tulajdonosa:<\/strong> S\u00e1rospatak V\u00e1ros \u00d6nkorm\u00e1nyzata<br \/><strong>term\u00e9szetv\u00e9delmi ter\u00fclet kezel\u0151je:<\/strong> Aggteleki Nemzeti Park Igazgat\u00f3s\u00e1g<\/p><p style=\"text-align: center;\"><b>Nyitvatart\u00e1s:<\/b><\/p><p>H\u00e9tf\u0151-Vas\u00e1rnap: 10:00 - 18:00<\/p><\/div><\/div><\/div>\n<div class=\"fw-col-xs-12 fw-col-sm-6\">\n\t<p><iframe loading=\"lazy\" style=\"border: 0;\" tabindex=\"0\" src=\"https:\/\/www.google.com\/maps\/embed?pb=!1m18!1m12!1m3!1d2653.1625891030767!2d21.566944315655363!3d48.31895507923826!2m3!1f0!2f0!3f0!3m2!1i1024!2i768!4f13.1!3m3!1m2!1s0x4738ca3951937d85%3A0xa3ccc485e27d32df!2sS%C3%A1rospatak%2C%20Kossuth%20Lajos%20%C3%BAt%2050%2C%203950!5e0!3m2!1shu!2shu!4v1594374121584!5m2!1shu!2shu\" width=\"600\" height=\"650\" frameborder=\"0\" allowfullscreen=\"allowfullscreen\" aria-hidden=\"false\"><\/iframe><\/p><\/div>\n<\/div>\n\n\t<\/div>\r\n<\/section>","protected":false},"excerpt":{"rendered":"<p>Innovo-Patak Nonprofit Kft.3950 S\u00e1rospatak, Kossuth u. 50.+36 20 220 70 26info@tengerszeminfo.bristol.huhttp:\/\/zoldutazas.com\/A Megyer-hegyi Tengerszem Term\u00e9szetv\u00e9delmi Ter\u00fcletA ter\u00fcletre vonatkoz\u00f3 fontosabb adatok:helyrajzi sz\u00e1ma: 0878\/2.m\u0171vel\u00e9si \u00e1ga: kivett telephelyter\u00fclet m\u00e9rete: 10\u00a0765 m 2tulajdonosa: S\u00e1rospatak V\u00e1ros \u00d6nkorm\u00e1nyzataterm\u00e9szetv\u00e9delmi ter\u00fclet kezel\u0151je: Aggteleki Nemzeti Park Igazgat\u00f3s\u00e1gNyitvatart\u00e1s:H\u00e9tf\u0151-Vas\u00e1rnap: 10:00 &#8211; 18:00<\/p>","protected":false},"author":4,"featured_media":0,"parent":0,"menu_order":0,"comment_status":"closed","ping_status":"closed","template":"","meta":{"footnotes":""},"class_list":["post-868","page","type-page","status-publish","hentry"],"_links":{"self":[{"href":"https:\/\/tengerszeminfo.hu\/en\/wp-json\/wp\/v2\/pages\/868","targetHints":{"allow":["GET"]}}],"collection":[{"href":"https:\/\/tengerszeminfo.hu\/en\/wp-json\/wp\/v2\/pages"}],"about":[{"href":"https:\/\/tengerszeminfo.hu\/en\/wp-json\/wp\/v2\/types\/page"}],"author":[{"embeddable":true,"href":"https:\/\/tengerszeminfo.hu\/en\/wp-json\/wp\/v2\/users\/4"}],"replies":[{"embeddable":true,"href":"https:\/\/tengerszeminfo.hu\/en\/wp-json\/wp\/v2\/comments?post=868"}],"version-history":[{"count":84,"href":"https:\/\/tengerszeminfo.hu\/en\/wp-json\/wp\/v2\/pages\/868\/revisions"}],"predecessor-version":[{"id":1844,"href":"https:\/\/tengerszeminfo.hu\/en\/wp-json\/wp\/v2\/pages\/868\/revisions\/1844"}],"wp:attachment":[{"href":"https:\/\/tengerszeminfo.hu\/en\/wp-json\/wp\/v2\/media?parent=868"}],"curies":[{"name":"wp","href":"https:\/\/api.w.org\/{rel}","templated":true}]}}