{"id":946,"date":"2020-07-13T07:29:52","date_gmt":"2020-07-13T07:29:52","guid":{"rendered":"http:\/\/trendinsurance.hu\/?page_id=946"},"modified":"2020-07-13T08:51:41","modified_gmt":"2020-07-13T08:51:41","slug":"via-ferrata","status":"publish","type":"page","link":"https:\/\/tengerszeminfo.hu\/en\/via-ferrata\/","title":{"rendered":"VIA FERRATA"},"content":{"rendered":"<section class=\"fw-main-row pos-r\"  id=\"shortcode-b7b4974e53d43f340e57d77665508bb5\">\r\n\t\t<div class=\"fw-container\">\r\n\t\t<div class=\"fw-row\">\n\t<div class=\"fw-col-xs-12\">\n\t<h3>A VIA FERR\u00c1T\u00c1R\u00d3L \u00c1LTAL\u00c1NOSS\u00c1GBAN<\/h3><p style=\"text-align: justify;\">A via ferrata kifejez\u00e9s (az olasz kifejez\u00e9s magyar jelent\u00e9se: vasalt \u00fat, n\u00e9met\u00fcl: klettersteig, jelent\u00e9se m\u00e1sz\u00f3\u00f6sv\u00e9ny) olyan hegyi utat jel\u00f6l, ahol fixen beszerelt f\u00e9m k\u00e1belek, l\u00e9tr\u00e1k, hidak \u00e9s f\u00e9m l\u00e9p\u00e9sek seg\u00edtik az el\u0151rehalad\u00e1st. Jellemz\u0151 ezekre a hegyi \u00fatvonalakra, hogy a ki\u00e9p\u00edtett r\u00e9szek n\u00e9lk\u00fcl csak k\u00e9pzett sziklam\u00e1sz\u00f3k sz\u00e1m\u00e1ra j\u00e1rhat\u00f3k. A viaferr\u00e1t\u00e1z\u00e1s ig\u00e9nyel n\u00e9mi gyakorlatot, (sz\u00e9d\u00fcl\u00e9smentess\u00e9get \u00e9s l\u00e9p\u00e9sbiztons\u00e1got), megfelel\u0151 fizikumot \u00e9s felszerel\u00e9st. Az utak gyakran izgalmas helyeken, nagy magass\u00e1gokban vezetnek, ez\u00e9rt a t\u00e9riszonymentess\u00e9g alapvet\u0151 felt\u00e9tel. A via ferrata l\u00e9nyege a folyamatos biztos\u00edt\u00e1s, amit az \u00f6sv\u00e9ny ment\u00e9n v\u00e9gigfut\u00f3 dr\u00f3tk\u00f6t\u00e9l ad, amire a megfelel\u0151 felszerel\u00e9ssel tudunk r\u00e1csatlakozni. 1492-ben a Mount Auguille oldal\u00e1ban \u00e9p\u00edtett\u00e9k az els\u0151 via ferrat\u00e1t, akkor m\u00e9g f\u00e1b\u00f3l. Az els\u0151 vil\u00e1gh\u00e1bor\u00fa idej\u00e9n a Dolomitokban kapott \u00fajabb lend\u00fcletet a dr\u00f3tk\u00f6t\u00e9llel biztos\u00edtott hegyi \u00f6sv\u00e9nyek ki\u00e9p\u00edt\u00e9se, a csapatok \u00e9s az ell\u00e1tm\u00e1ny k\u00f6nnyebb \u00e9s hat\u00e9konyabb mozgat\u00e1s\u00e1ra. Az\u00f3ta szabadid\u0151sportk\u00e9nt terjedt el szerte Eur\u00f3p\u00e1ban, mint a sziklam\u00e1sz\u00e1s egyszer\u0171bb, biztons\u00e1gosabb m\u00f3dja, bevezet\u00e9s a hegyek csod\u00e1s vil\u00e1g\u00e1ba. Magyarorsz\u00e1gon jelenleg 3 helysz\u00ednen 10 k\u00fcl\u00f6nb\u00f6z\u0151 neh\u00e9zs\u00e9gi fok\u00fa \u00fat \u00e1ll rendelkez\u00e9sre.<\/p><p>&nbsp;<\/p><h3>VIA FERRATA A MEGYER-HEGYI TENGERSZEMEN<\/h3><p style=\"text-align: justify;\">A Megyer-hegyi Tengerszem f\u00fcgg\u0151leges sziklafalain \u00e9p\u00fclt meg az orsz\u00e1g negyedik via ferrata p\u00e1ly\u00e1ja, a m\u0171szaki \u00e1tad\u00e1s m\u00e1jus 15-\u00e9n megt\u00f6rt\u00e9nt. A k\u00f6rnyez\u0151 sziklafalakon 37 hagyom\u00e1nyos m\u00e1sz\u00f3fal is kialak\u00edt\u00e1sra ker\u00fclt. Az \u00fczemeltet\u00e9si enged\u00e9ly kiad\u00e1sa ut\u00e1n \u2013 rem\u00e9lhet\u0151leg j\u00fanius k\u00f6zep\u00e9t\u0151l \u2013 elindulhat az \u00f6sszesen 650 m\u00e9ter hossz\u00fa, t\u00f6bb neh\u00e9zs\u00e9gi fokozat\u00fa p\u00e1ly\u00e1n a sziklam\u00e1sz\u00e1s (a p\u00e1ly\u00e1k nyomvonala itt l\u00e1that\u00f3).<\/p><\/div>\n<\/div>\n\n<div class=\"fw-row\">\n\t<div class=\"fw-col-xs-12\">\n\t\n\t<div class=\"fw-divider-space\" style=\"padding-top: 50px;\"><\/div>\n<\/div>\n<\/div>\n\n<div class=\"fw-row\">\n\t<div class=\"fw-col-xs-12\">\n\t<p><style type=\"text\/css\">\n#foogallery-gallery-1022 .fg-image { width: 1024px; }<\/style>\n\t\t\t<div class=\"foogallery foogallery-container foogallery-image-viewer foogallery-link-none foogallery-lightbox-none fg-center fg-image-viewer fg-ready fg-light fg-border-thin fg-shadow-outline fg-loading-default fg-loaded-fade-in fg-caption-hover fg-hover-fade fg-hover-zoom\" id=\"foogallery-gallery-1022\" data-foogallery=\"{&quot;item&quot;:{&quot;showCaptionTitle&quot;:true,&quot;showCaptionDescription&quot;:true},&quot;lazy&quot;:true,&quot;template&quot;:{&quot;loop&quot;:true}}\" style=\"--fg-title-line-clamp: 0; --fg-description-line-clamp: 0;\" >\n\t<div class=\"fiv-inner\">\n\t\t<div class=\"fiv-inner-container\">\n\t\t\t<div class=\"fg-item fg-type-image fg-idle\"><figure class=\"fg-item-inner\"><a data-attachment-id=\"1023\" data-type=\"image\" class=\"fg-thumb\"><span class=\"fg-image-wrap\"><img fetchpriority=\"high\" decoding=\"async\" width=\"1024\" height=\"576\" class=\"skip-lazy fg-image\" data-src-fg=\"https:\/\/tengerszeminfo.hu\/wp-content\/uploads\/cache\/2020\/07\/via_ferrata_uj_utvonalak\/2457962137.jpg\" src=\"data:image\/svg+xml,%3Csvg%20xmlns%3D%22http%3A%2F%2Fwww.w3.org%2F2000%2Fsvg%22%20width%3D%221024%22%20height%3D%22576%22%20viewBox%3D%220%200%201024%20576%22%3E%3C%2Fsvg%3E\" loading=\"eager\"><\/span><span class=\"fg-image-overlay\"><\/span><\/a><\/figure><div class=\"fg-loader\"><\/div><\/div><div class=\"fg-item fg-type-image fg-idle\"><figure class=\"fg-item-inner\"><a data-attachment-id=\"1024\" data-type=\"image\" class=\"fg-thumb\"><span class=\"fg-image-wrap\"><img decoding=\"async\" width=\"1024\" height=\"576\" class=\"skip-lazy fg-image\" data-src-fg=\"https:\/\/tengerszeminfo.hu\/wp-content\/uploads\/cache\/2020\/07\/viaferratauj2\/1248054099.jpg\" src=\"data:image\/svg+xml,%3Csvg%20xmlns%3D%22http%3A%2F%2Fwww.w3.org%2F2000%2Fsvg%22%20width%3D%221024%22%20height%3D%22576%22%20viewBox%3D%220%200%201024%20576%22%3E%3C%2Fsvg%3E\" loading=\"eager\"><\/span><span class=\"fg-image-overlay\"><\/span><\/a><\/figure><div class=\"fg-loader\"><\/div><\/div><div class=\"fg-item fg-type-image fg-idle\"><figure class=\"fg-item-inner\"><a data-attachment-id=\"1025\" data-type=\"image\" class=\"fg-thumb\"><span class=\"fg-image-wrap\"><img decoding=\"async\" width=\"1024\" height=\"576\" class=\"skip-lazy fg-image\" data-src-fg=\"https:\/\/tengerszeminfo.hu\/wp-content\/uploads\/cache\/2020\/07\/viaferrata7-1\/557703541.jpg\" src=\"data:image\/svg+xml,%3Csvg%20xmlns%3D%22http%3A%2F%2Fwww.w3.org%2F2000%2Fsvg%22%20width%3D%221024%22%20height%3D%22576%22%20viewBox%3D%220%200%201024%20576%22%3E%3C%2Fsvg%3E\" loading=\"eager\"><\/span><span class=\"fg-image-overlay\"><\/span><\/a><\/figure><div class=\"fg-loader\"><\/div><\/div><div class=\"fg-item fg-type-image fg-idle\"><figure class=\"fg-item-inner\"><a data-attachment-id=\"1026\" data-type=\"image\" class=\"fg-thumb\"><span class=\"fg-image-wrap\"><img decoding=\"async\" width=\"1024\" height=\"576\" class=\"skip-lazy fg-image\" data-src-fg=\"https:\/\/tengerszeminfo.hu\/wp-content\/uploads\/cache\/2020\/07\/viaferrata10\/829355881.jpg\" src=\"data:image\/svg+xml,%3Csvg%20xmlns%3D%22http%3A%2F%2Fwww.w3.org%2F2000%2Fsvg%22%20width%3D%221024%22%20height%3D%22576%22%20viewBox%3D%220%200%201024%20576%22%3E%3C%2Fsvg%3E\" loading=\"eager\"><\/span><span class=\"fg-image-overlay\"><\/span><\/a><\/figure><div class=\"fg-loader\"><\/div><\/div><div class=\"fg-item fg-type-image fg-idle\"><figure class=\"fg-item-inner\"><a data-attachment-id=\"1027\" data-type=\"image\" class=\"fg-thumb\"><span class=\"fg-image-wrap\"><img decoding=\"async\" width=\"1024\" height=\"576\" class=\"skip-lazy fg-image\" data-src-fg=\"https:\/\/tengerszeminfo.hu\/wp-content\/uploads\/cache\/2020\/07\/viaferrata9-1\/1851719339.jpg\" src=\"data:image\/svg+xml,%3Csvg%20xmlns%3D%22http%3A%2F%2Fwww.w3.org%2F2000%2Fsvg%22%20width%3D%221024%22%20height%3D%22576%22%20viewBox%3D%220%200%201024%20576%22%3E%3C%2Fsvg%3E\" loading=\"eager\"><\/span><span class=\"fg-image-overlay\"><\/span><\/a><\/figure><div class=\"fg-loader\"><\/div><\/div><div class=\"fg-item fg-type-image fg-idle\"><figure class=\"fg-item-inner\"><a data-attachment-id=\"1028\" data-type=\"image\" class=\"fg-thumb\"><span class=\"fg-image-wrap\"><img decoding=\"async\" width=\"1024\" height=\"576\" class=\"skip-lazy fg-image\" data-src-fg=\"https:\/\/tengerszeminfo.hu\/wp-content\/uploads\/cache\/2020\/07\/viaferrata8-1\/735497025.jpg\" src=\"data:image\/svg+xml,%3Csvg%20xmlns%3D%22http%3A%2F%2Fwww.w3.org%2F2000%2Fsvg%22%20width%3D%221024%22%20height%3D%22576%22%20viewBox%3D%220%200%201024%20576%22%3E%3C%2Fsvg%3E\" loading=\"eager\"><\/span><span class=\"fg-image-overlay\"><\/span><\/a><\/figure><div class=\"fg-loader\"><\/div><\/div>\t\t<\/div>\n\t\t<div class=\"fiv-ctrls\">\n\t\t\t<div class=\"fiv-prev\"><span>El\u0151z\u0151<\/span><\/div>\n\t\t\t<label class=\"fiv-count\"><span class=\"fiv-count-current\">1<\/span>\/<span class=\"fiv-count-total\">6<\/span><\/label>\n\t\t\t<div class=\"fiv-next\"><span>K\u00f6vetkez\u0151<\/span><\/div>\n\t\t<\/div>\n\t<\/div>\n<\/div><\/p><\/div>\n<\/div>\n\n\t<\/div>\r\n<\/section>","protected":false},"excerpt":{"rendered":"<p>A VIA FERR\u00c1T\u00c1R\u00d3L \u00c1LTAL\u00c1NOSS\u00c1GBANA via ferrata kifejez\u00e9s (az olasz kifejez\u00e9s magyar jelent\u00e9se: vasalt \u00fat, n\u00e9met\u00fcl: klettersteig, jelent\u00e9se m\u00e1sz\u00f3\u00f6sv\u00e9ny) olyan hegyi utat jel\u00f6l, ahol fixen beszerelt f\u00e9m k\u00e1belek, l\u00e9tr\u00e1k, hidak \u00e9s f\u00e9m l\u00e9p\u00e9sek seg\u00edtik az el\u0151rehalad\u00e1st. Jellemz\u0151 ezekre a hegyi \u00fatvonalakra, hogy a ki\u00e9p\u00edtett r\u00e9szek n\u00e9lk\u00fcl csak k\u00e9pzett sziklam\u00e1sz\u00f3k sz\u00e1m\u00e1ra j\u00e1rhat\u00f3k. A viaferr\u00e1t\u00e1z\u00e1s ig\u00e9nyel n\u00e9mi gyakorlatot,&#8230;<\/p>","protected":false},"author":4,"featured_media":0,"parent":0,"menu_order":0,"comment_status":"closed","ping_status":"closed","template":"","meta":{"footnotes":""},"class_list":["post-946","page","type-page","status-publish","hentry"],"_links":{"self":[{"href":"https:\/\/tengerszeminfo.hu\/en\/wp-json\/wp\/v2\/pages\/946","targetHints":{"allow":["GET"]}}],"collection":[{"href":"https:\/\/tengerszeminfo.hu\/en\/wp-json\/wp\/v2\/pages"}],"about":[{"href":"https:\/\/tengerszeminfo.hu\/en\/wp-json\/wp\/v2\/types\/page"}],"author":[{"embeddable":true,"href":"https:\/\/tengerszeminfo.hu\/en\/wp-json\/wp\/v2\/users\/4"}],"replies":[{"embeddable":true,"href":"https:\/\/tengerszeminfo.hu\/en\/wp-json\/wp\/v2\/comments?post=946"}],"version-history":[{"count":43,"href":"https:\/\/tengerszeminfo.hu\/en\/wp-json\/wp\/v2\/pages\/946\/revisions"}],"predecessor-version":[{"id":1030,"href":"https:\/\/tengerszeminfo.hu\/en\/wp-json\/wp\/v2\/pages\/946\/revisions\/1030"}],"wp:attachment":[{"href":"https:\/\/tengerszeminfo.hu\/en\/wp-json\/wp\/v2\/media?parent=946"}],"curies":[{"name":"wp","href":"https:\/\/api.w.org\/{rel}","templated":true}]}}